{"id":788,"date":"2024-07-24T15:58:13","date_gmt":"2024-07-24T13:58:13","guid":{"rendered":"https:\/\/tuairooms.com\/?page_id=788"},"modified":"2024-10-08T12:12:51","modified_gmt":"2024-10-08T10:12:51","slug":"impressum","status":"publish","type":"page","link":"https:\/\/tuairooms.com\/tr\/impressum\/","title":{"rendered":"K\u00fcnye"},"content":{"rendered":"<div data-elementor-type=\"wp-page\" data-elementor-id=\"788\" class=\"elementor elementor-788\" data-elementor-post-type=\"page\">\n\t\t\t\t<div class=\"elementor-element elementor-element-a86e901 e-flex e-con-boxed e-con e-parent\" data-id=\"a86e901\" data-element_type=\"container\" data-settings=\"{&quot;background_background&quot;:&quot;classic&quot;}\">\n\t\t\t\t\t<div class=\"e-con-inner\">\n\t\t\t\t<div class=\"elementor-element elementor-element-80ce48b elementor-widget-tablet__width-inherit elementor-widget__width-initial elementor-widget-mobile__width-initial elementor-widget elementor-widget-heading\" data-id=\"80ce48b\" data-element_type=\"widget\" data-widget_type=\"heading.default\">\n\t\t\t\t<div class=\"elementor-widget-container\">\n\t\t\t\t\t<h2 class=\"elementor-heading-title elementor-size-default\">Yasal konular<\/h2>\t\t\t\t<\/div>\n\t\t\t\t<\/div>\n\t\t\t\t<div class=\"elementor-element elementor-element-031e585 elementor-widget elementor-widget-heading\" data-id=\"031e585\" data-element_type=\"widget\" data-widget_type=\"heading.default\">\n\t\t\t\t<div class=\"elementor-widget-container\">\n\t\t\t\t\t<h1 class=\"elementor-heading-title elementor-size-default\">K\u00fcnye<\/h1>\t\t\t\t<\/div>\n\t\t\t\t<\/div>\n\t\t\t\t\t<\/div>\n\t\t\t\t<\/div>\n\t\t<div class=\"elementor-element elementor-element-8e0bb90 e-flex e-con-boxed e-con e-parent\" data-id=\"8e0bb90\" data-element_type=\"container\">\n\t\t\t\t\t<div class=\"e-con-inner\">\n\t\t\t\t<div class=\"elementor-element elementor-element-dbcca89 elementor-widget elementor-widget-text-editor\" data-id=\"dbcca89\" data-element_type=\"widget\" data-widget_type=\"text-editor.default\">\n\t\t\t\t<div class=\"elementor-widget-container\">\n\t\t\t\t\t\t\t\t\t<p><strong>Tun\u00e7 Kaya<\/strong><br \/>TUAI Konaklama Hizmeti<br \/>Industrieweg 1<br \/>30419 Hanover<\/p><h2>Bize ula\u015f\u0131n<\/h2><p>Telefon: <a href=\"tel:051151541915\"><span class=\"elementor-icon-list-text\">0511 51541915<\/span><\/a><br \/>E-posta: info@tuairooms.com<\/p><h2>Editoryal olarak sorumlu<\/h2><p>Tun\u00e7 Kaya &amp; Aldijan Muslic<\/p><h2>AB uyu\u015fmazl\u0131k \u00e7\u00f6z\u00fcm\u00fc<\/h2><p>Avrupa Komisyonu, \u00e7evrimi\u00e7i uyu\u015fmazl\u0131k \u00e7\u00f6z\u00fcm\u00fc (OS) i\u00e7in bir platform sa\u011flamaktad\u0131r: <a href=\"https:\/\/ec.europa.eu\/consumers\/odr\/\" target=\"_blank\" rel=\"noopener noreferrer\">https:\/\/ec.europa.eu\/consumers\/odr\/<\/a>.<br \/>E-posta adresimizi yukar\u0131daki yasal bildirimde bulabilirsiniz.<\/p><h2>T\u00fcketici uyu\u015fmazl\u0131klar\u0131n\u0131n \u00e7\u00f6z\u00fcm\u00fc\/evrensel tahkim merkezi<\/h2><p>Bir t\u00fcketici hakem heyeti nezdindeki uyu\u015fmazl\u0131k \u00e7\u00f6z\u00fcm i\u015flemlerine kat\u0131lmaya istekli veya y\u00fck\u00fcml\u00fc de\u011filiz.<\/p>\t\t\t\t\t\t\t\t<\/div>\n\t\t\t\t<\/div>\n\t\t\t\t\t<\/div>\n\t\t\t\t<\/div>\n\t\t\t\t<\/div>","protected":false},"excerpt":{"rendered":"<p>Yasal uyar\u0131 Tunc KayaTUAI ZimmervermittlungIndustrieweg 130419 Hannover \u0130leti\u015fim Telefon: 0511 51541915E-posta: info@tuairooms.com Editoryal sorumlu Tunc Kaya &amp; Aldijan Muslic AB uyu\u015fmazl\u0131k \u00e7\u00f6z\u00fcm\u00fc Avrupa Komisyonu \u00e7evrimi\u00e7i uyu\u015fmazl\u0131k \u00e7\u00f6z\u00fcm\u00fc (OS) i\u00e7in bir platform sa\u011flar: https:\/\/ec.europa.eu\/consumers\/odr\/.Unsere E-posta adresini yukar\u0131daki yasal uyar\u0131da bulabilirsiniz. T\u00fcketici uyu\u015fmazl\u0131klar\u0131n\u0131n \u00e7\u00f6z\u00fcm\u00fc \/ Evrensel tahkim kurulu Bir t\u00fcketici tahkim kurulu nezdinde uyu\u015fmazl\u0131k \u00e7\u00f6z\u00fcm\u00fc i\u015flemlerine kat\u0131lmaya istekli veya y\u00fck\u00fcml\u00fc de\u011filiz.<\/p>","protected":false},"author":1,"featured_media":0,"parent":0,"menu_order":0,"comment_status":"closed","ping_status":"closed","template":"elementor_header_footer","meta":{"footnotes":""},"class_list":["post-788","page","type-page","status-publish","hentry"],"yoast_head":"<!-- This site is optimized with the Yoast SEO Premium plugin v23.0 (Yoast SEO v25.4) - https:\/\/yoast.com\/wordpress\/plugins\/seo\/ -->\n<title>Impressum - tuairooms.com<\/title>\n<meta name=\"robots\" content=\"index, follow, max-snippet:-1, max-image-preview:large, max-video-preview:-1\" \/>\n<link rel=\"canonical\" href=\"https:\/\/tuairooms.com\/tr\/impressum\/\" \/>\n<meta property=\"og:locale\" content=\"tr_TR\" \/>\n<meta property=\"og:type\" content=\"article\" \/>\n<meta property=\"og:title\" content=\"Impressum\" \/>\n<meta property=\"og:description\" content=\"Rechtliches Impressum Tunc KayaTUAI ZimmervermittlungIndustrieweg 130419 Hannover Kontakt Telefon: 0511 51541915E-Mail: info@tuairooms.com Redaktionell verantwortlich Tunc Kaya &amp; Aldijan Muslic EU-Streitschlichtung Die Europ\u00e4ische Kommission stellt eine Plattform zur Online-Streitbeilegung (OS) bereit: https:\/\/ec.europa.eu\/consumers\/odr\/.Unsere E-Mail-Adresse finden Sie oben im Impressum. Verbraucher\u00adstreit\u00adbeilegung\/Universal\u00adschlichtungs\u00adstelle Wir sind nicht bereit oder verpflichtet, an Streitbeilegungsverfahren vor einer Verbraucherschlichtungsstelle teilzunehmen.\" \/>\n<meta property=\"og:url\" content=\"https:\/\/tuairooms.com\/tr\/impressum\/\" \/>\n<meta property=\"og:site_name\" content=\"tuairooms.com\" \/>\n<meta property=\"article:modified_time\" content=\"2024-10-08T10:12:51+00:00\" \/>\n<meta name=\"twitter:card\" content=\"summary_large_image\" \/>\n<meta name=\"twitter:label1\" content=\"Tahmini okuma s\u00fcresi\" \/>\n\t<meta name=\"twitter:data1\" content=\"1 dakika\" \/>\n<script type=\"application\/ld+json\" class=\"yoast-schema-graph\">{\"@context\":\"https:\/\/schema.org\",\"@graph\":[{\"@type\":\"WebPage\",\"@id\":\"https:\/\/tuairooms.com\/impressum\/\",\"url\":\"https:\/\/tuairooms.com\/impressum\/\",\"name\":\"Impressum - tuairooms.com\",\"isPartOf\":{\"@id\":\"https:\/\/tuairooms.com\/#website\"},\"datePublished\":\"2024-07-24T13:58:13+00:00\",\"dateModified\":\"2024-10-08T10:12:51+00:00\",\"breadcrumb\":{\"@id\":\"https:\/\/tuairooms.com\/impressum\/#breadcrumb\"},\"inLanguage\":\"tr\",\"potentialAction\":[{\"@type\":\"ReadAction\",\"target\":[\"https:\/\/tuairooms.com\/impressum\/\"]}]},{\"@type\":\"BreadcrumbList\",\"@id\":\"https:\/\/tuairooms.com\/impressum\/#breadcrumb\",\"itemListElement\":[{\"@type\":\"ListItem\",\"position\":1,\"name\":\"Startseite\",\"item\":\"https:\/\/tuairooms.com\/\"},{\"@type\":\"ListItem\",\"position\":2,\"name\":\"Impressum\"}]},{\"@type\":\"WebSite\",\"@id\":\"https:\/\/tuairooms.com\/#website\",\"url\":\"https:\/\/tuairooms.com\/\",\"name\":\"tuairooms.com\",\"description\":\"Unterk\u00fcnfte Hannover\",\"publisher\":{\"@id\":\"https:\/\/tuairooms.com\/#organization\"},\"potentialAction\":[{\"@type\":\"SearchAction\",\"target\":{\"@type\":\"EntryPoint\",\"urlTemplate\":\"https:\/\/tuairooms.com\/?s={search_term_string}\"},\"query-input\":{\"@type\":\"PropertyValueSpecification\",\"valueRequired\":true,\"valueName\":\"search_term_string\"}}],\"inLanguage\":\"tr\"},{\"@type\":\"Organization\",\"@id\":\"https:\/\/tuairooms.com\/#organization\",\"name\":\"TUAI Zimmervermittlung Hannover\",\"url\":\"https:\/\/tuairooms.com\/\",\"logo\":{\"@type\":\"ImageObject\",\"inLanguage\":\"tr\",\"@id\":\"https:\/\/tuairooms.com\/#\/schema\/logo\/image\/\",\"url\":\"https:\/\/tuairooms.com\/wp-content\/uploads\/2024\/07\/Element-1.svg\",\"contentUrl\":\"https:\/\/tuairooms.com\/wp-content\/uploads\/2024\/07\/Element-1.svg\",\"width\":1150,\"height\":534,\"caption\":\"TUAI Zimmervermittlung Hannover\"},\"image\":{\"@id\":\"https:\/\/tuairooms.com\/#\/schema\/logo\/image\/\"}}]}<\/script>\n<!-- \/ Yoast SEO Premium plugin. -->","yoast_head_json":{"title":"Impressum - tuairooms.com","robots":{"index":"index","follow":"follow","max-snippet":"max-snippet:-1","max-image-preview":"max-image-preview:large","max-video-preview":"max-video-preview:-1"},"canonical":"https:\/\/tuairooms.com\/tr\/impressum\/","og_locale":"tr_TR","og_type":"article","og_title":"Impressum","og_description":"Rechtliches Impressum Tunc KayaTUAI ZimmervermittlungIndustrieweg 130419 Hannover Kontakt Telefon: 0511 51541915E-Mail: info@tuairooms.com Redaktionell verantwortlich Tunc Kaya &amp; Aldijan Muslic EU-Streitschlichtung Die Europ\u00e4ische Kommission stellt eine Plattform zur Online-Streitbeilegung (OS) bereit: https:\/\/ec.europa.eu\/consumers\/odr\/.Unsere E-Mail-Adresse finden Sie oben im Impressum. Verbraucher\u00adstreit\u00adbeilegung\/Universal\u00adschlichtungs\u00adstelle Wir sind nicht bereit oder verpflichtet, an Streitbeilegungsverfahren vor einer Verbraucherschlichtungsstelle teilzunehmen.","og_url":"https:\/\/tuairooms.com\/tr\/impressum\/","og_site_name":"tuairooms.com","article_modified_time":"2024-10-08T10:12:51+00:00","twitter_card":"summary_large_image","twitter_misc":{"Tahmini okuma s\u00fcresi":"1 dakika"},"schema":{"@context":"https:\/\/schema.org","@graph":[{"@type":"WebPage","@id":"https:\/\/tuairooms.com\/impressum\/","url":"https:\/\/tuairooms.com\/impressum\/","name":"Impressum - tuairooms.com","isPartOf":{"@id":"https:\/\/tuairooms.com\/#website"},"datePublished":"2024-07-24T13:58:13+00:00","dateModified":"2024-10-08T10:12:51+00:00","breadcrumb":{"@id":"https:\/\/tuairooms.com\/impressum\/#breadcrumb"},"inLanguage":"tr","potentialAction":[{"@type":"ReadAction","target":["https:\/\/tuairooms.com\/impressum\/"]}]},{"@type":"BreadcrumbList","@id":"https:\/\/tuairooms.com\/impressum\/#breadcrumb","itemListElement":[{"@type":"ListItem","position":1,"name":"Startseite","item":"https:\/\/tuairooms.com\/"},{"@type":"ListItem","position":2,"name":"Impressum"}]},{"@type":"WebSite","@id":"https:\/\/tuairooms.com\/#website","url":"https:\/\/tuairooms.com\/","name":"tuairooms.com","description":"Unterk\u00fcnfte Hannover","publisher":{"@id":"https:\/\/tuairooms.com\/#organization"},"potentialAction":[{"@type":"SearchAction","target":{"@type":"EntryPoint","urlTemplate":"https:\/\/tuairooms.com\/?s={search_term_string}"},"query-input":{"@type":"PropertyValueSpecification","valueRequired":true,"valueName":"search_term_string"}}],"inLanguage":"tr"},{"@type":"Organization","@id":"https:\/\/tuairooms.com\/#organization","name":"TUAI Zimmervermittlung Hannover","url":"https:\/\/tuairooms.com\/","logo":{"@type":"ImageObject","inLanguage":"tr","@id":"https:\/\/tuairooms.com\/#\/schema\/logo\/image\/","url":"https:\/\/tuairooms.com\/wp-content\/uploads\/2024\/07\/Element-1.svg","contentUrl":"https:\/\/tuairooms.com\/wp-content\/uploads\/2024\/07\/Element-1.svg","width":1150,"height":534,"caption":"TUAI Zimmervermittlung Hannover"},"image":{"@id":"https:\/\/tuairooms.com\/#\/schema\/logo\/image\/"}}]}},"_links":{"self":[{"href":"https:\/\/tuairooms.com\/tr\/wp-json\/wp\/v2\/pages\/788","targetHints":{"allow":["GET"]}}],"collection":[{"href":"https:\/\/tuairooms.com\/tr\/wp-json\/wp\/v2\/pages"}],"about":[{"href":"https:\/\/tuairooms.com\/tr\/wp-json\/wp\/v2\/types\/page"}],"author":[{"embeddable":true,"href":"https:\/\/tuairooms.com\/tr\/wp-json\/wp\/v2\/users\/1"}],"replies":[{"embeddable":true,"href":"https:\/\/tuairooms.com\/tr\/wp-json\/wp\/v2\/comments?post=788"}],"version-history":[{"count":11,"href":"https:\/\/tuairooms.com\/tr\/wp-json\/wp\/v2\/pages\/788\/revisions"}],"predecessor-version":[{"id":1295,"href":"https:\/\/tuairooms.com\/tr\/wp-json\/wp\/v2\/pages\/788\/revisions\/1295"}],"wp:attachment":[{"href":"https:\/\/tuairooms.com\/tr\/wp-json\/wp\/v2\/media?parent=788"}],"curies":[{"name":"wp","href":"https:\/\/api.w.org\/{rel}","templated":true}]}}