{"id":577,"date":"2024-07-23T10:39:34","date_gmt":"2024-07-23T08:39:34","guid":{"rendered":"https:\/\/tuairooms.com\/?page_id=577"},"modified":"2024-08-11T15:21:40","modified_gmt":"2024-08-11T13:21:40","slug":"blog","status":"publish","type":"page","link":"https:\/\/tuairooms.com\/tr\/blog\/","title":{"rendered":"Blog"},"content":{"rendered":"<div data-elementor-type=\"wp-page\" data-elementor-id=\"577\" class=\"elementor elementor-577\" data-elementor-post-type=\"page\">\n\t\t\t\t<div class=\"elementor-element elementor-element-4c4f9983 e-flex e-con-boxed e-con e-parent\" data-id=\"4c4f9983\" data-element_type=\"container\" data-settings=\"{&quot;background_background&quot;:&quot;classic&quot;}\">\n\t\t\t\t\t<div class=\"e-con-inner\">\n\t\t<div class=\"elementor-element elementor-element-4b9d61e3 e-con-full e-flex e-con e-child\" data-id=\"4b9d61e3\" data-element_type=\"container\">\n\t\t\t\t<div class=\"elementor-element elementor-element-7ac1e04 elementor-widget-tablet__width-inherit elementor-widget__width-initial elementor-widget-mobile__width-initial elementor-widget elementor-widget-heading\" data-id=\"7ac1e04\" data-element_type=\"widget\" data-widget_type=\"heading.default\">\n\t\t\t\t<div class=\"elementor-widget-container\">\n\t\t\t\t\t<h2 class=\"elementor-heading-title elementor-size-default\">Deneyimlerimiz, ipu\u00e7lar\u0131m\u0131z ve tavsiyelerimiz<\/h2>\t\t\t\t<\/div>\n\t\t\t\t<\/div>\n\t\t\t\t<div class=\"elementor-element elementor-element-1839bee9 elementor-widget elementor-widget-heading\" data-id=\"1839bee9\" data-element_type=\"widget\" data-widget_type=\"heading.default\">\n\t\t\t\t<div class=\"elementor-widget-container\">\n\t\t\t\t\t<h1 class=\"elementor-heading-title elementor-size-default\">Bizim blogumuz<\/h1>\t\t\t\t<\/div>\n\t\t\t\t<\/div>\n\t\t\t\t<\/div>\n\t\t\t\t\t<\/div>\n\t\t\t\t<\/div>\n\t\t<div class=\"elementor-element elementor-element-423f33e5 e-flex e-con-boxed e-con e-parent\" data-id=\"423f33e5\" data-element_type=\"container\" data-settings=\"{&quot;background_background&quot;:&quot;classic&quot;}\">\n\t\t\t\t\t<div class=\"e-con-inner\">\n\t\t<div class=\"elementor-element elementor-element-5183d56b e-con-full e-flex e-con e-child\" data-id=\"5183d56b\" data-element_type=\"container\">\n\t\t\t\t<div class=\"elementor-element elementor-element-e01b41d elementor-posts--align-center elementor-grid-3 elementor-grid-tablet-2 elementor-grid-mobile-1 elementor-posts--thumbnail-top elementor-widget elementor-widget-posts\" data-id=\"e01b41d\" data-element_type=\"widget\" data-settings=\"{&quot;classic_columns&quot;:&quot;3&quot;,&quot;classic_columns_tablet&quot;:&quot;2&quot;,&quot;classic_columns_mobile&quot;:&quot;1&quot;,&quot;classic_row_gap&quot;:{&quot;unit&quot;:&quot;px&quot;,&quot;size&quot;:35,&quot;sizes&quot;:[]},&quot;classic_row_gap_tablet&quot;:{&quot;unit&quot;:&quot;px&quot;,&quot;size&quot;:&quot;&quot;,&quot;sizes&quot;:[]},&quot;classic_row_gap_mobile&quot;:{&quot;unit&quot;:&quot;px&quot;,&quot;size&quot;:&quot;&quot;,&quot;sizes&quot;:[]}}\" data-widget_type=\"posts.classic\">\n\t\t\t\t<div class=\"elementor-widget-container\">\n\t\t\t\t\t\t\t<div class=\"elementor-posts-container elementor-posts elementor-posts--skin-classic elementor-grid\">\n\t\t\t\t<article class=\"elementor-post elementor-grid-item post-1409 post type-post status-publish format-standard has-post-thumbnail hentry category-tipps-beratung\">\n\t\t\t\t<a class=\"elementor-post__thumbnail__link\" href=\"https:\/\/tuairooms.com\/tr\/warum-tuai-besser-fuer-sie-ist-tuai-vs-sie-selbst\/\" tabindex=\"-1\" >\n\t\t\t<div class=\"elementor-post__thumbnail\"><img fetchpriority=\"high\" decoding=\"async\" width=\"2000\" height=\"1333\" src=\"https:\/\/tuairooms.com\/wp-content\/uploads\/2024\/10\/happy-creative-marketing-team-working-on-new-business-project-in-the-office-.jpg\" class=\"attachment-full size-full wp-image-1414\" alt=\"Happy creative marketing team working on new business project in the office.\" srcset=\"https:\/\/tuairooms.com\/wp-content\/uploads\/2024\/10\/happy-creative-marketing-team-working-on-new-business-project-in-the-office-.jpg 2000w, https:\/\/tuairooms.com\/wp-content\/uploads\/2024\/10\/happy-creative-marketing-team-working-on-new-business-project-in-the-office--300x200.jpg 300w, https:\/\/tuairooms.com\/wp-content\/uploads\/2024\/10\/happy-creative-marketing-team-working-on-new-business-project-in-the-office--1024x682.jpg 1024w, https:\/\/tuairooms.com\/wp-content\/uploads\/2024\/10\/happy-creative-marketing-team-working-on-new-business-project-in-the-office--768x512.jpg 768w, https:\/\/tuairooms.com\/wp-content\/uploads\/2024\/10\/happy-creative-marketing-team-working-on-new-business-project-in-the-office--1536x1024.jpg 1536w, https:\/\/tuairooms.com\/wp-content\/uploads\/2024\/10\/happy-creative-marketing-team-working-on-new-business-project-in-the-office--18x12.jpg 18w\" sizes=\"(max-width: 2000px) 100vw, 2000px\" \/><\/div>\n\t\t<\/a>\n\t\t\t\t<div class=\"elementor-post__text\">\n\t\t\t\t<h3 class=\"elementor-post__title\">\n\t\t\t<a href=\"https:\/\/tuairooms.com\/tr\/warum-tuai-besser-fuer-sie-ist-tuai-vs-sie-selbst\/\" >\n\t\t\t\tTUAI sizin i\u00e7in neden daha iyi - TUAI kendinize kar\u015f\u0131\t\t\t<\/a>\n\t\t<\/h3>\n\t\t\n\t\t<a class=\"elementor-post__read-more\" href=\"https:\/\/tuairooms.com\/tr\/warum-tuai-besser-fuer-sie-ist-tuai-vs-sie-selbst\/\" aria-label=\"TUAI sizin i\u00e7in neden daha iyi - TUAI kendinize kar\u015f\u0131 hakk\u0131nda devam\u0131n\u0131 oku\" tabindex=\"-1\" >\n\t\t\tDaha fazla bilgi edinin\t\t<\/a>\n\n\t\t\t\t<\/div>\n\t\t\t\t<\/article>\n\t\t\t\t<article class=\"elementor-post elementor-grid-item post-1100 post type-post status-publish format-standard has-post-thumbnail hentry category-tipps-beratung\">\n\t\t\t\t<a class=\"elementor-post__thumbnail__link\" href=\"https:\/\/tuairooms.com\/tr\/warum-tuai-die-beste-wahl-fuer-privatpersonen-ist\/\" tabindex=\"-1\" >\n\t\t\t<div class=\"elementor-post__thumbnail\"><img decoding=\"async\" width=\"2000\" height=\"1333\" src=\"https:\/\/tuairooms.com\/wp-content\/uploads\/2024\/08\/family-in-home.jpg\" class=\"attachment-full size-full wp-image-1105\" alt=\"family in home\" srcset=\"https:\/\/tuairooms.com\/wp-content\/uploads\/2024\/08\/family-in-home.jpg 2000w, https:\/\/tuairooms.com\/wp-content\/uploads\/2024\/08\/family-in-home-300x200.jpg 300w, https:\/\/tuairooms.com\/wp-content\/uploads\/2024\/08\/family-in-home-1024x682.jpg 1024w, https:\/\/tuairooms.com\/wp-content\/uploads\/2024\/08\/family-in-home-768x512.jpg 768w, https:\/\/tuairooms.com\/wp-content\/uploads\/2024\/08\/family-in-home-1536x1024.jpg 1536w, https:\/\/tuairooms.com\/wp-content\/uploads\/2024\/08\/family-in-home-18x12.jpg 18w\" sizes=\"(max-width: 2000px) 100vw, 2000px\" \/><\/div>\n\t\t<\/a>\n\t\t\t\t<div class=\"elementor-post__text\">\n\t\t\t\t<h3 class=\"elementor-post__title\">\n\t\t\t<a href=\"https:\/\/tuairooms.com\/tr\/warum-tuai-die-beste-wahl-fuer-privatpersonen-ist\/\" >\n\t\t\t\tTUAI \u00f6zel ki\u015filer i\u00e7in neden en iyi se\u00e7imdir?\t\t\t<\/a>\n\t\t<\/h3>\n\t\t\n\t\t<a class=\"elementor-post__read-more\" href=\"https:\/\/tuairooms.com\/tr\/warum-tuai-die-beste-wahl-fuer-privatpersonen-ist\/\" aria-label=\"TUAI&#039;nin \u00f6zel ki\u015filer i\u00e7in neden en iyi se\u00e7im oldu\u011fu hakk\u0131nda daha fazla bilgi edinin\" tabindex=\"-1\" >\n\t\t\tDaha fazla bilgi edinin\t\t<\/a>\n\n\t\t\t\t<\/div>\n\t\t\t\t<\/article>\n\t\t\t\t<article class=\"elementor-post elementor-grid-item post-1095 post type-post status-publish format-standard has-post-thumbnail hentry category-tipps-beratung\">\n\t\t\t\t<a class=\"elementor-post__thumbnail__link\" href=\"https:\/\/tuairooms.com\/tr\/effiziente-und-komfortable-unterkuenfte-fuer-grossunternehmen\/\" tabindex=\"-1\" >\n\t\t\t<div class=\"elementor-post__thumbnail\"><img decoding=\"async\" width=\"2000\" height=\"1333\" src=\"https:\/\/tuairooms.com\/wp-content\/uploads\/2024\/07\/plan-man-business-desk-hands-businessman-write.jpg\" class=\"attachment-full size-full wp-image-685\" alt=\"Plan man business desk hands businessman write\" srcset=\"https:\/\/tuairooms.com\/wp-content\/uploads\/2024\/07\/plan-man-business-desk-hands-businessman-write.jpg 2000w, https:\/\/tuairooms.com\/wp-content\/uploads\/2024\/07\/plan-man-business-desk-hands-businessman-write-300x200.jpg 300w, https:\/\/tuairooms.com\/wp-content\/uploads\/2024\/07\/plan-man-business-desk-hands-businessman-write-1024x682.jpg 1024w, https:\/\/tuairooms.com\/wp-content\/uploads\/2024\/07\/plan-man-business-desk-hands-businessman-write-768x512.jpg 768w, https:\/\/tuairooms.com\/wp-content\/uploads\/2024\/07\/plan-man-business-desk-hands-businessman-write-1536x1024.jpg 1536w\" sizes=\"(max-width: 2000px) 100vw, 2000px\" \/><\/div>\n\t\t<\/a>\n\t\t\t\t<div class=\"elementor-post__text\">\n\t\t\t\t<h3 class=\"elementor-post__title\">\n\t\t\t<a href=\"https:\/\/tuairooms.com\/tr\/effiziente-und-komfortable-unterkuenfte-fuer-grossunternehmen\/\" >\n\t\t\t\tB\u00fcy\u00fck \u015firketler i\u00e7in verimli ve konforlu konaklama\t\t\t<\/a>\n\t\t<\/h3>\n\t\t\n\t\t<a class=\"elementor-post__read-more\" href=\"https:\/\/tuairooms.com\/tr\/effiziente-und-komfortable-unterkuenfte-fuer-grossunternehmen\/\" aria-label=\"B\u00fcy\u00fck \u015firketler i\u00e7in verimli ve konforlu konaklama hakk\u0131nda devam\u0131n\u0131 oku\" tabindex=\"-1\" >\n\t\t\tDaha fazla bilgi edinin\t\t<\/a>\n\n\t\t\t\t<\/div>\n\t\t\t\t<\/article>\n\t\t\t\t<article class=\"elementor-post elementor-grid-item post-711 post type-post status-publish format-standard has-post-thumbnail hentry category-unsere-kunden\">\n\t\t\t\t<a class=\"elementor-post__thumbnail__link\" href=\"https:\/\/tuairooms.com\/tr\/m\/\" tabindex=\"-1\" >\n\t\t\t<div class=\"elementor-post__thumbnail\"><img loading=\"lazy\" decoding=\"async\" width=\"2560\" height=\"1702\" src=\"https:\/\/tuairooms.com\/wp-content\/uploads\/2024\/07\/Messe-scaled.jpg\" class=\"attachment-full size-full wp-image-717\" alt=\"\" srcset=\"https:\/\/tuairooms.com\/wp-content\/uploads\/2024\/07\/Messe-scaled.jpg 2560w, https:\/\/tuairooms.com\/wp-content\/uploads\/2024\/07\/Messe-300x200.jpg 300w, https:\/\/tuairooms.com\/wp-content\/uploads\/2024\/07\/Messe-1024x681.jpg 1024w, https:\/\/tuairooms.com\/wp-content\/uploads\/2024\/07\/Messe-768x511.jpg 768w, https:\/\/tuairooms.com\/wp-content\/uploads\/2024\/07\/Messe-1536x1021.jpg 1536w, https:\/\/tuairooms.com\/wp-content\/uploads\/2024\/07\/Messe-2048x1362.jpg 2048w\" sizes=\"(max-width: 2560px) 100vw, 2560px\" \/><\/div>\n\t\t<\/a>\n\t\t\t\t<div class=\"elementor-post__text\">\n\t\t\t\t<h3 class=\"elementor-post__title\">\n\t\t\t<a href=\"https:\/\/tuairooms.com\/tr\/m\/\" >\n\t\t\t\tBa\u015far\u0131l\u0131 fuar ziyaretleri - Konaklama hizmetimiz konaklaman\u0131z\u0131 nas\u0131l kolayla\u015ft\u0131r\u0131r?\t\t\t<\/a>\n\t\t<\/h3>\n\t\t\n\t\t<a class=\"elementor-post__read-more\" href=\"https:\/\/tuairooms.com\/tr\/m\/\" aria-label=\"Ba\u015far\u0131l\u0131 fuar ziyaretleri - Konaklama hizmetimiz konaklaman\u0131z\u0131 nas\u0131l kolayla\u015ft\u0131r\u0131yor hakk\u0131nda devam\u0131n\u0131 oku\" tabindex=\"-1\" >\n\t\t\tDaha fazla bilgi edinin\t\t<\/a>\n\n\t\t\t\t<\/div>\n\t\t\t\t<\/article>\n\t\t\t\t<article class=\"elementor-post elementor-grid-item post-673 post type-post status-publish format-standard has-post-thumbnail hentry category-unsere-kunden\">\n\t\t\t\t<a class=\"elementor-post__thumbnail__link\" href=\"https:\/\/tuairooms.com\/tr\/moim\/\" tabindex=\"-1\" >\n\t\t\t<div class=\"elementor-post__thumbnail\"><img loading=\"lazy\" decoding=\"async\" width=\"2000\" height=\"1333\" src=\"https:\/\/tuairooms.com\/wp-content\/uploads\/2024\/07\/worker-at-machine-in-factory-metal-industry-worker-at-factory-.jpg\" class=\"attachment-full size-full wp-image-682\" alt=\"Worker at machine in factory, Metal industry worker at factory.\" srcset=\"https:\/\/tuairooms.com\/wp-content\/uploads\/2024\/07\/worker-at-machine-in-factory-metal-industry-worker-at-factory-.jpg 2000w, https:\/\/tuairooms.com\/wp-content\/uploads\/2024\/07\/worker-at-machine-in-factory-metal-industry-worker-at-factory--300x200.jpg 300w, https:\/\/tuairooms.com\/wp-content\/uploads\/2024\/07\/worker-at-machine-in-factory-metal-industry-worker-at-factory--1024x682.jpg 1024w, https:\/\/tuairooms.com\/wp-content\/uploads\/2024\/07\/worker-at-machine-in-factory-metal-industry-worker-at-factory--768x512.jpg 768w, https:\/\/tuairooms.com\/wp-content\/uploads\/2024\/07\/worker-at-machine-in-factory-metal-industry-worker-at-factory--1536x1024.jpg 1536w\" sizes=\"(max-width: 2000px) 100vw, 2000px\" \/><\/div>\n\t\t<\/a>\n\t\t\t\t<div class=\"elementor-post__text\">\n\t\t\t\t<h3 class=\"elementor-post__title\">\n\t\t\t<a href=\"https:\/\/tuairooms.com\/tr\/moim\/\" >\n\t\t\t\tA\u015fa\u011f\u0131 Saksonya'da tesisat\u00e7\u0131lar i\u00e7in ideal konaklama\t\t\t<\/a>\n\t\t<\/h3>\n\t\t\n\t\t<a class=\"elementor-post__read-more\" href=\"https:\/\/tuairooms.com\/tr\/moim\/\" aria-label=\"A\u015fa\u011f\u0131 Saksonya&#039;da tesisat\u00e7\u0131lar i\u00e7in ideal konaklama hakk\u0131nda devam\u0131n\u0131 oku\" tabindex=\"-1\" >\n\t\t\tDaha fazla bilgi edinin\t\t<\/a>\n\n\t\t\t\t<\/div>\n\t\t\t\t<\/article>\n\t\t\t\t<article class=\"elementor-post elementor-grid-item post-590 post type-post status-publish format-standard has-post-thumbnail hentry category-unser-unternehmen\">\n\t\t\t\t<a class=\"elementor-post__thumbnail__link\" href=\"https:\/\/tuairooms.com\/tr\/booking-com-airbnb-co-was-unterscheidet-tuai\/\" tabindex=\"-1\" >\n\t\t\t<div class=\"elementor-post__thumbnail\"><img loading=\"lazy\" decoding=\"async\" width=\"1920\" height=\"1080\" src=\"https:\/\/tuairooms.com\/wp-content\/uploads\/2024\/07\/Unbenannt-94.png\" class=\"attachment-full size-full wp-image-597\" alt=\"\" srcset=\"https:\/\/tuairooms.com\/wp-content\/uploads\/2024\/07\/Unbenannt-94.png 1920w, https:\/\/tuairooms.com\/wp-content\/uploads\/2024\/07\/Unbenannt-94-300x169.png 300w, https:\/\/tuairooms.com\/wp-content\/uploads\/2024\/07\/Unbenannt-94-1024x576.png 1024w, https:\/\/tuairooms.com\/wp-content\/uploads\/2024\/07\/Unbenannt-94-768x432.png 768w, https:\/\/tuairooms.com\/wp-content\/uploads\/2024\/07\/Unbenannt-94-1536x864.png 1536w\" sizes=\"(max-width: 1920px) 100vw, 1920px\" \/><\/div>\n\t\t<\/a>\n\t\t\t\t<div class=\"elementor-post__text\">\n\t\t\t\t<h3 class=\"elementor-post__title\">\n\t\t\t<a href=\"https:\/\/tuairooms.com\/tr\/booking-com-airbnb-co-was-unterscheidet-tuai\/\" >\n\t\t\t\tBooking.com, AirBnB &amp; Co. TUAI'yi farkl\u0131 k\u0131lan nedir?\t\t\t<\/a>\n\t\t<\/h3>\n\t\t\n\t\t<a class=\"elementor-post__read-more\" href=\"https:\/\/tuairooms.com\/tr\/booking-com-airbnb-co-was-unterscheidet-tuai\/\" aria-label=\"Booking.com, AirBnB &amp; Co. hakk\u0131nda daha fazla bilgi edinin. TUAI&#039;yi farkl\u0131 k\u0131lan nedir?\" tabindex=\"-1\" >\n\t\t\tDaha fazla bilgi edinin\t\t<\/a>\n\n\t\t\t\t<\/div>\n\t\t\t\t<\/article>\n\t\t\t\t<\/div>\n\t\t\n\t\t\t\t\t\t<\/div>\n\t\t\t\t<\/div>\n\t\t\t\t<\/div>\n\t\t\t\t\t<\/div>\n\t\t\t\t<\/div>\n\t\t\t\t<\/div>","protected":false},"excerpt":{"rendered":"<p>Deneyimlerimiz, ipu\u00e7lar\u0131m\u0131z &amp; tavsiyelerimiz Blogumuz<\/p>","protected":false},"author":1,"featured_media":0,"parent":0,"menu_order":0,"comment_status":"closed","ping_status":"closed","template":"elementor_header_footer","meta":{"footnotes":""},"class_list":["post-577","page","type-page","status-publish","hentry"],"yoast_head":"<!-- This site is optimized with the Yoast SEO Premium plugin v23.0 (Yoast SEO v25.4) - https:\/\/yoast.com\/wordpress\/plugins\/seo\/ -->\n<title>Blog - tuairooms.com<\/title>\n<meta name=\"robots\" content=\"index, follow, max-snippet:-1, max-image-preview:large, max-video-preview:-1\" \/>\n<link rel=\"canonical\" href=\"https:\/\/tuairooms.com\/tr\/blog\/\" \/>\n<meta property=\"og:locale\" content=\"tr_TR\" \/>\n<meta property=\"og:type\" content=\"article\" \/>\n<meta property=\"og:title\" content=\"Blog\" \/>\n<meta property=\"og:description\" content=\"Unsere Erfahrungen, Tipps &#038; Ratschl\u00e4ge Unser Blog\" \/>\n<meta property=\"og:url\" content=\"https:\/\/tuairooms.com\/tr\/blog\/\" \/>\n<meta property=\"og:site_name\" content=\"tuairooms.com\" \/>\n<meta property=\"article:modified_time\" content=\"2024-08-11T13:21:40+00:00\" \/>\n<meta name=\"twitter:card\" content=\"summary_large_image\" \/>\n<meta name=\"twitter:label1\" content=\"Tahmini okuma s\u00fcresi\" \/>\n\t<meta name=\"twitter:data1\" content=\"2 dakika\" \/>\n<script type=\"application\/ld+json\" class=\"yoast-schema-graph\">{\"@context\":\"https:\/\/schema.org\",\"@graph\":[{\"@type\":\"WebPage\",\"@id\":\"https:\/\/tuairooms.com\/blog\/\",\"url\":\"https:\/\/tuairooms.com\/blog\/\",\"name\":\"Blog - tuairooms.com\",\"isPartOf\":{\"@id\":\"https:\/\/tuairooms.com\/#website\"},\"datePublished\":\"2024-07-23T08:39:34+00:00\",\"dateModified\":\"2024-08-11T13:21:40+00:00\",\"breadcrumb\":{\"@id\":\"https:\/\/tuairooms.com\/blog\/#breadcrumb\"},\"inLanguage\":\"tr\",\"potentialAction\":[{\"@type\":\"ReadAction\",\"target\":[\"https:\/\/tuairooms.com\/blog\/\"]}]},{\"@type\":\"BreadcrumbList\",\"@id\":\"https:\/\/tuairooms.com\/blog\/#breadcrumb\",\"itemListElement\":[{\"@type\":\"ListItem\",\"position\":1,\"name\":\"Startseite\",\"item\":\"https:\/\/tuairooms.com\/\"},{\"@type\":\"ListItem\",\"position\":2,\"name\":\"Blog\"}]},{\"@type\":\"WebSite\",\"@id\":\"https:\/\/tuairooms.com\/#website\",\"url\":\"https:\/\/tuairooms.com\/\",\"name\":\"tuairooms.com\",\"description\":\"Unterk\u00fcnfte Hannover\",\"publisher\":{\"@id\":\"https:\/\/tuairooms.com\/#organization\"},\"potentialAction\":[{\"@type\":\"SearchAction\",\"target\":{\"@type\":\"EntryPoint\",\"urlTemplate\":\"https:\/\/tuairooms.com\/?s={search_term_string}\"},\"query-input\":{\"@type\":\"PropertyValueSpecification\",\"valueRequired\":true,\"valueName\":\"search_term_string\"}}],\"inLanguage\":\"tr\"},{\"@type\":\"Organization\",\"@id\":\"https:\/\/tuairooms.com\/#organization\",\"name\":\"TUAI Zimmervermittlung Hannover\",\"url\":\"https:\/\/tuairooms.com\/\",\"logo\":{\"@type\":\"ImageObject\",\"inLanguage\":\"tr\",\"@id\":\"https:\/\/tuairooms.com\/#\/schema\/logo\/image\/\",\"url\":\"https:\/\/tuairooms.com\/wp-content\/uploads\/2024\/07\/Element-1.svg\",\"contentUrl\":\"https:\/\/tuairooms.com\/wp-content\/uploads\/2024\/07\/Element-1.svg\",\"width\":1150,\"height\":534,\"caption\":\"TUAI Zimmervermittlung Hannover\"},\"image\":{\"@id\":\"https:\/\/tuairooms.com\/#\/schema\/logo\/image\/\"}}]}<\/script>\n<!-- \/ Yoast SEO Premium plugin. -->","yoast_head_json":{"title":"Blog - tuairooms.com","robots":{"index":"index","follow":"follow","max-snippet":"max-snippet:-1","max-image-preview":"max-image-preview:large","max-video-preview":"max-video-preview:-1"},"canonical":"https:\/\/tuairooms.com\/tr\/blog\/","og_locale":"tr_TR","og_type":"article","og_title":"Blog","og_description":"Unsere Erfahrungen, Tipps &#038; Ratschl\u00e4ge Unser Blog","og_url":"https:\/\/tuairooms.com\/tr\/blog\/","og_site_name":"tuairooms.com","article_modified_time":"2024-08-11T13:21:40+00:00","twitter_card":"summary_large_image","twitter_misc":{"Tahmini okuma s\u00fcresi":"2 dakika"},"schema":{"@context":"https:\/\/schema.org","@graph":[{"@type":"WebPage","@id":"https:\/\/tuairooms.com\/blog\/","url":"https:\/\/tuairooms.com\/blog\/","name":"Blog - tuairooms.com","isPartOf":{"@id":"https:\/\/tuairooms.com\/#website"},"datePublished":"2024-07-23T08:39:34+00:00","dateModified":"2024-08-11T13:21:40+00:00","breadcrumb":{"@id":"https:\/\/tuairooms.com\/blog\/#breadcrumb"},"inLanguage":"tr","potentialAction":[{"@type":"ReadAction","target":["https:\/\/tuairooms.com\/blog\/"]}]},{"@type":"BreadcrumbList","@id":"https:\/\/tuairooms.com\/blog\/#breadcrumb","itemListElement":[{"@type":"ListItem","position":1,"name":"Startseite","item":"https:\/\/tuairooms.com\/"},{"@type":"ListItem","position":2,"name":"Blog"}]},{"@type":"WebSite","@id":"https:\/\/tuairooms.com\/#website","url":"https:\/\/tuairooms.com\/","name":"tuairooms.com","description":"Unterk\u00fcnfte Hannover","publisher":{"@id":"https:\/\/tuairooms.com\/#organization"},"potentialAction":[{"@type":"SearchAction","target":{"@type":"EntryPoint","urlTemplate":"https:\/\/tuairooms.com\/?s={search_term_string}"},"query-input":{"@type":"PropertyValueSpecification","valueRequired":true,"valueName":"search_term_string"}}],"inLanguage":"tr"},{"@type":"Organization","@id":"https:\/\/tuairooms.com\/#organization","name":"TUAI Zimmervermittlung Hannover","url":"https:\/\/tuairooms.com\/","logo":{"@type":"ImageObject","inLanguage":"tr","@id":"https:\/\/tuairooms.com\/#\/schema\/logo\/image\/","url":"https:\/\/tuairooms.com\/wp-content\/uploads\/2024\/07\/Element-1.svg","contentUrl":"https:\/\/tuairooms.com\/wp-content\/uploads\/2024\/07\/Element-1.svg","width":1150,"height":534,"caption":"TUAI Zimmervermittlung Hannover"},"image":{"@id":"https:\/\/tuairooms.com\/#\/schema\/logo\/image\/"}}]}},"_links":{"self":[{"href":"https:\/\/tuairooms.com\/tr\/wp-json\/wp\/v2\/pages\/577","targetHints":{"allow":["GET"]}}],"collection":[{"href":"https:\/\/tuairooms.com\/tr\/wp-json\/wp\/v2\/pages"}],"about":[{"href":"https:\/\/tuairooms.com\/tr\/wp-json\/wp\/v2\/types\/page"}],"author":[{"embeddable":true,"href":"https:\/\/tuairooms.com\/tr\/wp-json\/wp\/v2\/users\/1"}],"replies":[{"embeddable":true,"href":"https:\/\/tuairooms.com\/tr\/wp-json\/wp\/v2\/comments?post=577"}],"version-history":[{"count":10,"href":"https:\/\/tuairooms.com\/tr\/wp-json\/wp\/v2\/pages\/577\/revisions"}],"predecessor-version":[{"id":1115,"href":"https:\/\/tuairooms.com\/tr\/wp-json\/wp\/v2\/pages\/577\/revisions\/1115"}],"wp:attachment":[{"href":"https:\/\/tuairooms.com\/tr\/wp-json\/wp\/v2\/media?parent=577"}],"curies":[{"name":"wp","href":"https:\/\/api.w.org\/{rel}","templated":true}]}}