{"id":1201,"date":"2024-10-09T14:14:58","date_gmt":"2024-10-09T12:14:58","guid":{"rendered":"https:\/\/tuairooms.com\/?page_id=1201"},"modified":"2024-10-17T14:55:31","modified_gmt":"2024-10-17T12:55:31","slug":"angebot","status":"publish","type":"page","link":"https:\/\/tuairooms.com\/da\/angebot\/","title":{"rendered":"Tilbud"},"content":{"rendered":"<div data-elementor-type=\"wp-page\" data-elementor-id=\"1201\" class=\"elementor elementor-1201\" data-elementor-post-type=\"page\">\n\t\t\t\t<div class=\"elementor-element elementor-element-ddc4c07 e-flex e-con-boxed e-con e-parent\" data-id=\"ddc4c07\" data-element_type=\"container\" data-settings=\"{&quot;background_background&quot;:&quot;classic&quot;}\">\n\t\t\t\t\t<div class=\"e-con-inner\">\n\t\t\t\t<div class=\"elementor-element elementor-element-0c0716c elementor-widget-tablet__width-inherit elementor-widget__width-initial elementor-widget-mobile__width-initial elementor-widget elementor-widget-heading\" data-id=\"0c0716c\" data-element_type=\"widget\" data-widget_type=\"heading.default\">\n\t\t\t\t<div class=\"elementor-widget-container\">\n\t\t\t\t\t<h2 class=\"elementor-heading-title elementor-size-default\">Ikke-bindende og gratis<\/h2>\t\t\t\t<\/div>\n\t\t\t\t<\/div>\n\t\t\t\t<div class=\"elementor-element elementor-element-9f32689 elementor-widget elementor-widget-heading\" data-id=\"9f32689\" data-element_type=\"widget\" data-widget_type=\"heading.default\">\n\t\t\t\t<div class=\"elementor-widget-container\">\n\t\t\t\t\t<h1 class=\"elementor-heading-title elementor-size-default\">Indhent et tilbud<\/h1>\t\t\t\t<\/div>\n\t\t\t\t<\/div>\n\t\t\t\t\t<\/div>\n\t\t\t\t<\/div>\n\t\t<div class=\"elementor-element elementor-element-c002aa8 e-con-full e-flex e-con e-parent\" data-id=\"c002aa8\" data-element_type=\"container\">\n\t\t\t\t<div class=\"elementor-element elementor-element-4d9d75a elementor-widget elementor-widget-html\" data-id=\"4d9d75a\" data-element_type=\"widget\" data-widget_type=\"html.default\">\n\t\t\t\t<div class=\"elementor-widget-container\">\n\t\t\t\t\t<div id=\"success-message\" style=\"display: none;\">\n    <p>Formular sendt med succes.<\/p>\n<\/div>\n<form id=\"multistep-form\" action=\"https:\/\/tuairooms.com\/form-handler.php\" method=\"POST\" data-trp-original-action=\"https:\/\/tuairooms.com\/form-handler.php\">\n    <!-- Fortschrittsbalken -->\n    <div id=\"progress-container\">\n        <ul id=\"progressbar\">\n            <li class=\"active\">Kontaktoplysninger<\/li>\n            <li>Anvendelsesomr\u00e5de<\/li>\n            <li>Bekr\u00e6ft<\/li>\n        <\/ul>\n        <div id=\"progress-line\">\n            <div id=\"progress\"><\/div>\n        <\/div>\n    <\/div>\n\n    <!-- Schritt 1: Kontaktinformationen -->\n    <fieldset class=\"form-step active\">\n        <h3>Kontaktoplysninger<\/h3>\n        <div class=\"form-row\">\n            <div class=\"form-column\">\n                <label for=\"contact_person\">Kontaktperson: *<\/label>\n                <input type=\"text\" id=\"contact_person\" name=\"contact_person\" required>\n                <span class=\"error-message\"><\/span>\n            <\/div>\n            <div class=\"form-column\">\n                <label for=\"company\">Virksomhed: *<\/label>\n                <input type=\"text\" id=\"company\" name=\"company\" required>\n                <span class=\"error-message\"><\/span>\n            <\/div>\n        <\/div>\n        <div class=\"form-row\">\n            <div class=\"form-column\">\n                <label for=\"email\">E-mail: *<\/label>\n                <input type=\"email\" id=\"email\" name=\"email\" required>\n                <span class=\"error-message\"><\/span>\n            <\/div>\n            <div class=\"form-column\">\n                <label for=\"phone\">Telefonnummer:<\/label>\n                <input type=\"tel\" id=\"phone\" name=\"phone\" required>\n                <span class=\"error-message\"><\/span>\n            <\/div>\n        <\/div>\n        <div class=\"buttons\">\n            <button type=\"button\" class=\"next-btn\">Yderligere<\/button>\n        <\/div>\n    <\/fieldset>\n\n    <!-- Schritt 2: Einsatzgebiet -->\n    <fieldset class=\"form-step\">\n        <h3>Anvendelsesomr\u00e5de<\/h3>\n        <div class=\"form-row\">\n            <div class=\"form-column\">\n                <label for=\"postal_code\">Postnummer: *<\/label>\n                <input type=\"text\" id=\"postal_code\" name=\"postal_code\" required>\n                <span class=\"error-message\"><\/span>\n            <\/div>\n            <div class=\"form-column\">\n                <label for=\"street\">Gade: *<\/label>\n                <input type=\"text\" id=\"street\" name=\"street\" required>\n                <span class=\"error-message\"><\/span>\n            <\/div>\n        <\/div>\n\n        <div class=\"form-row\">\n            <div class=\"form-column\">\n                <label for=\"site_location\">Byggepladsens placering: *<\/label>\n                <input type=\"text\" id=\"site_location\" name=\"site_location\" required>\n                <span class=\"error-message\"><\/span>\n            <\/div>\n            <div class=\"form-column\">\n                <label for=\"number_of_employees\">Antal medarbejdere: *<\/label>\n                <input type=\"number\" id=\"number_of_employees\" name=\"number_of_employees\" min=\"1\" required>\n                <span class=\"error-message\"><\/span>\n            <\/div>\n        <\/div>\n\n        <!-- Zeitraum von und bis -->\n        <div class=\"form-row\">\n            <div class=\"form-column\">\n                <label>Periode fra:<\/label>\n                <input type=\"date\" name=\"employee_from_date[]\" required>\n                <span class=\"error-message\"><\/span>\n            <\/div>\n            <div class=\"form-column\">\n                <label>Periode indtil:<\/label>\n                <input type=\"date\" name=\"employee_to_date[]\" required>\n                <span class=\"error-message\"><\/span>\n            <\/div>\n        <\/div>\n\n        <div id=\"employee-details\">\n           \n            <div class=\"employee-row\">\n                <!-- Name des Mitarbeiters -->\n                <div class=\"form-column\">\n                    <label>Medarbejderens navn: (valgfrit)<\/label>\n                    <input type=\"text\" name=\"employee_name[]\">\n                    <span class=\"error-message\"><\/span>\n                <\/div>\n            <\/div>\n        <\/div>\n\n        <button type=\"button\" id=\"add-employee\">Tilf\u00f8j medarbejdere<\/button>\n        <div class=\"buttons\">\n            <button type=\"button\" class=\"prev-btn\">Tilbage<\/button>\n            <button type=\"button\" class=\"next-btn\">Yderligere<\/button>\n        <\/div>\n    <\/fieldset>\n\n    <!-- Schritt 3: Best\u00e4tigen -->\n    <fieldset class=\"form-step\">\n        <h3>Bekr\u00e6ft<\/h3>\n        <div class=\"form-row\">\n            <label for=\"comments\">Bem\u00e6rkninger:<\/label>\n            <textarea id=\"comments\" name=\"comments\"><\/textarea>\n        <\/div>\n        <div class=\"form-row checkbox-row\">\n            <input type=\"checkbox\" id=\"privacy_policy\" name=\"privacy_policy\" required>\n            <label for=\"privacy_policy\">Jeg accepterer privatlivspolitikken. *<\/label>\n            <span class=\"error-message\"><\/span>\n        <\/div>\n        <div class=\"form-row checkbox-row\">\n            <input type=\"checkbox\" id=\"contact_me\" name=\"contact_me\">\n            <label for=\"contact_me\">Jeg accepterer, at TUAI Zimmervermittlung vil kontakte mig som en del af tilbudsprocessen.<\/label>\n        <\/div>\n        <div class=\"buttons\">\n            <button type=\"button\" class=\"prev-btn\">Tilbage<\/button>\n            <input type=\"submit\" value=\"Afsendelse\">\n        <\/div>\n    <\/fieldset>\n<input type=\"hidden\" name=\"trp-form-language\" value=\"da\"\/><\/form>\n\n<script src=\"https:\/\/www.google.com\/recaptcha\/api.js?render=6LeZjl0qAAAAAM4Qu_BzmnG3NcGP4OZHaxYUPEAV\"><\/script>\t\t\t\t<\/div>\n\t\t\t\t<\/div>\n\t\t\t\t<\/div>\n\t\t\t\t<\/div>","protected":false},"excerpt":{"rendered":"<p>F\u00e5 et uforpligtende og gratis tilbud Formular sendt med succes. Kontaktoplysninger Ans\u00f8gningsfelt Bekr\u00e6ft kontaktoplysninger Kontaktperson: * Virksomhed: * E-mail: * Telefonnummer: * N\u00e6ste arbejdsomr\u00e5de Postnummer: * Gade: * Byggepladsens placering: * Antal medarbejdere: * Periode fra: * Periode til: * Navn p\u00e5 medarbejder: (valgfrit) Tilf\u00f8j medarbejder Tilbage N\u00e6ste Bekr\u00e6ft Kommentarer: Jeg accepterer privatlivspolitikken. * [...]<\/p>","protected":false},"author":1,"featured_media":0,"parent":0,"menu_order":0,"comment_status":"closed","ping_status":"closed","template":"elementor_header_footer","meta":{"footnotes":""},"class_list":["post-1201","page","type-page","status-publish","hentry"],"yoast_head":"<!-- This site is optimized with the Yoast SEO Premium plugin v23.0 (Yoast SEO v25.4) - https:\/\/yoast.com\/wordpress\/plugins\/seo\/ -->\n<title>Angebot - tuairooms.com<\/title>\n<meta name=\"robots\" content=\"index, follow, max-snippet:-1, max-image-preview:large, max-video-preview:-1\" \/>\n<link rel=\"canonical\" href=\"https:\/\/tuairooms.com\/da\/angebot\/\" \/>\n<meta property=\"og:locale\" content=\"da_DK\" \/>\n<meta property=\"og:type\" content=\"article\" \/>\n<meta property=\"og:title\" content=\"Angebot\" \/>\n<meta property=\"og:description\" content=\"Unverbindlich &amp; kostenfrei Angebot einholen Formular erfolgreich \u00fcbermittelt. Kontaktinformationen Einsatzgebiet Best\u00e4tigen Kontaktinformationen Ansprechpartner: * Unternehmen: * E-Mail: * Telefonnummer: * Weiter Einsatzgebiet Postleitzahl: * Stra\u00dfe: * Ort der Baustelle: * Anzahl der Mitarbeiter: * Zeitraum von: * Zeitraum bis: * Name des Mitarbeiters: (optional) Mitarbeiter hinzuf\u00fcgen Zur\u00fcck Weiter Best\u00e4tigen Anmerkungen: Ich akzeptiere die Datenschutzbestimmungen. * [&hellip;]\" \/>\n<meta property=\"og:url\" content=\"https:\/\/tuairooms.com\/da\/angebot\/\" \/>\n<meta property=\"og:site_name\" content=\"tuairooms.com\" \/>\n<meta property=\"article:modified_time\" content=\"2024-10-17T12:55:31+00:00\" \/>\n<meta name=\"twitter:card\" content=\"summary_large_image\" \/>\n<meta name=\"twitter:label1\" content=\"Estimeret l\u00e6setid\" \/>\n\t<meta name=\"twitter:data1\" content=\"1 minut\" \/>\n<script type=\"application\/ld+json\" class=\"yoast-schema-graph\">{\"@context\":\"https:\/\/schema.org\",\"@graph\":[{\"@type\":\"WebPage\",\"@id\":\"https:\/\/tuairooms.com\/angebot\/\",\"url\":\"https:\/\/tuairooms.com\/angebot\/\",\"name\":\"Angebot - tuairooms.com\",\"isPartOf\":{\"@id\":\"https:\/\/tuairooms.com\/#website\"},\"datePublished\":\"2024-10-09T12:14:58+00:00\",\"dateModified\":\"2024-10-17T12:55:31+00:00\",\"breadcrumb\":{\"@id\":\"https:\/\/tuairooms.com\/angebot\/#breadcrumb\"},\"inLanguage\":\"da-DK\",\"potentialAction\":[{\"@type\":\"ReadAction\",\"target\":[\"https:\/\/tuairooms.com\/angebot\/\"]}]},{\"@type\":\"BreadcrumbList\",\"@id\":\"https:\/\/tuairooms.com\/angebot\/#breadcrumb\",\"itemListElement\":[{\"@type\":\"ListItem\",\"position\":1,\"name\":\"Startseite\",\"item\":\"https:\/\/tuairooms.com\/\"},{\"@type\":\"ListItem\",\"position\":2,\"name\":\"Angebot\"}]},{\"@type\":\"WebSite\",\"@id\":\"https:\/\/tuairooms.com\/#website\",\"url\":\"https:\/\/tuairooms.com\/\",\"name\":\"tuairooms.com\",\"description\":\"Unterk\u00fcnfte Hannover\",\"publisher\":{\"@id\":\"https:\/\/tuairooms.com\/#organization\"},\"potentialAction\":[{\"@type\":\"SearchAction\",\"target\":{\"@type\":\"EntryPoint\",\"urlTemplate\":\"https:\/\/tuairooms.com\/?s={search_term_string}\"},\"query-input\":{\"@type\":\"PropertyValueSpecification\",\"valueRequired\":true,\"valueName\":\"search_term_string\"}}],\"inLanguage\":\"da-DK\"},{\"@type\":\"Organization\",\"@id\":\"https:\/\/tuairooms.com\/#organization\",\"name\":\"TUAI Zimmervermittlung Hannover\",\"url\":\"https:\/\/tuairooms.com\/\",\"logo\":{\"@type\":\"ImageObject\",\"inLanguage\":\"da-DK\",\"@id\":\"https:\/\/tuairooms.com\/#\/schema\/logo\/image\/\",\"url\":\"https:\/\/tuairooms.com\/wp-content\/uploads\/2024\/07\/Element-1.svg\",\"contentUrl\":\"https:\/\/tuairooms.com\/wp-content\/uploads\/2024\/07\/Element-1.svg\",\"width\":1150,\"height\":534,\"caption\":\"TUAI Zimmervermittlung Hannover\"},\"image\":{\"@id\":\"https:\/\/tuairooms.com\/#\/schema\/logo\/image\/\"}}]}<\/script>\n<!-- \/ Yoast SEO Premium plugin. -->","yoast_head_json":{"title":"Angebot - tuairooms.com","robots":{"index":"index","follow":"follow","max-snippet":"max-snippet:-1","max-image-preview":"max-image-preview:large","max-video-preview":"max-video-preview:-1"},"canonical":"https:\/\/tuairooms.com\/da\/angebot\/","og_locale":"da_DK","og_type":"article","og_title":"Angebot","og_description":"Unverbindlich &amp; kostenfrei Angebot einholen Formular erfolgreich \u00fcbermittelt. Kontaktinformationen Einsatzgebiet Best\u00e4tigen Kontaktinformationen Ansprechpartner: * Unternehmen: * E-Mail: * Telefonnummer: * Weiter Einsatzgebiet Postleitzahl: * Stra\u00dfe: * Ort der Baustelle: * Anzahl der Mitarbeiter: * Zeitraum von: * Zeitraum bis: * Name des Mitarbeiters: (optional) Mitarbeiter hinzuf\u00fcgen Zur\u00fcck Weiter Best\u00e4tigen Anmerkungen: Ich akzeptiere die Datenschutzbestimmungen. * [&hellip;]","og_url":"https:\/\/tuairooms.com\/da\/angebot\/","og_site_name":"tuairooms.com","article_modified_time":"2024-10-17T12:55:31+00:00","twitter_card":"summary_large_image","twitter_misc":{"Estimeret l\u00e6setid":"1 minut"},"schema":{"@context":"https:\/\/schema.org","@graph":[{"@type":"WebPage","@id":"https:\/\/tuairooms.com\/angebot\/","url":"https:\/\/tuairooms.com\/angebot\/","name":"Angebot - tuairooms.com","isPartOf":{"@id":"https:\/\/tuairooms.com\/#website"},"datePublished":"2024-10-09T12:14:58+00:00","dateModified":"2024-10-17T12:55:31+00:00","breadcrumb":{"@id":"https:\/\/tuairooms.com\/angebot\/#breadcrumb"},"inLanguage":"da-DK","potentialAction":[{"@type":"ReadAction","target":["https:\/\/tuairooms.com\/angebot\/"]}]},{"@type":"BreadcrumbList","@id":"https:\/\/tuairooms.com\/angebot\/#breadcrumb","itemListElement":[{"@type":"ListItem","position":1,"name":"Startseite","item":"https:\/\/tuairooms.com\/"},{"@type":"ListItem","position":2,"name":"Angebot"}]},{"@type":"WebSite","@id":"https:\/\/tuairooms.com\/#website","url":"https:\/\/tuairooms.com\/","name":"tuairooms.com","description":"Unterk\u00fcnfte Hannover","publisher":{"@id":"https:\/\/tuairooms.com\/#organization"},"potentialAction":[{"@type":"SearchAction","target":{"@type":"EntryPoint","urlTemplate":"https:\/\/tuairooms.com\/?s={search_term_string}"},"query-input":{"@type":"PropertyValueSpecification","valueRequired":true,"valueName":"search_term_string"}}],"inLanguage":"da-DK"},{"@type":"Organization","@id":"https:\/\/tuairooms.com\/#organization","name":"TUAI Zimmervermittlung Hannover","url":"https:\/\/tuairooms.com\/","logo":{"@type":"ImageObject","inLanguage":"da-DK","@id":"https:\/\/tuairooms.com\/#\/schema\/logo\/image\/","url":"https:\/\/tuairooms.com\/wp-content\/uploads\/2024\/07\/Element-1.svg","contentUrl":"https:\/\/tuairooms.com\/wp-content\/uploads\/2024\/07\/Element-1.svg","width":1150,"height":534,"caption":"TUAI Zimmervermittlung Hannover"},"image":{"@id":"https:\/\/tuairooms.com\/#\/schema\/logo\/image\/"}}]}},"_links":{"self":[{"href":"https:\/\/tuairooms.com\/da\/wp-json\/wp\/v2\/pages\/1201","targetHints":{"allow":["GET"]}}],"collection":[{"href":"https:\/\/tuairooms.com\/da\/wp-json\/wp\/v2\/pages"}],"about":[{"href":"https:\/\/tuairooms.com\/da\/wp-json\/wp\/v2\/types\/page"}],"author":[{"embeddable":true,"href":"https:\/\/tuairooms.com\/da\/wp-json\/wp\/v2\/users\/1"}],"replies":[{"embeddable":true,"href":"https:\/\/tuairooms.com\/da\/wp-json\/wp\/v2\/comments?post=1201"}],"version-history":[{"count":10,"href":"https:\/\/tuairooms.com\/da\/wp-json\/wp\/v2\/pages\/1201\/revisions"}],"predecessor-version":[{"id":1383,"href":"https:\/\/tuairooms.com\/da\/wp-json\/wp\/v2\/pages\/1201\/revisions\/1383"}],"wp:attachment":[{"href":"https:\/\/tuairooms.com\/da\/wp-json\/wp\/v2\/media?parent=1201"}],"curies":[{"name":"wp","href":"https:\/\/api.w.org\/{rel}","templated":true}]}}